{"id":18735,"date":"2015-02-26T12:42:31","date_gmt":"2015-02-26T17:42:31","guid":{"rendered":"http:\/\/obgynpavilion.com\/terms-of-service-2\/"},"modified":"2021-10-18T05:53:07","modified_gmt":"2021-10-18T10:53:07","slug":"terms-of-service","status":"publish","type":"page","link":"https:\/\/305obgyn.com\/es\/terms-of-service\/","title":{"rendered":"T\u00e9rminos de Servicio"},"content":{"rendered":"<h2>T\u00e9rminos de Servicio<\/h2>\n<h3>TDS<\/h3>\n<p>Este Acuerdo fue modificado por \u00faltima vez el 26 de febrero de 2015.<\/p>\n<p>Por favor, lea estos T\u00e9rminos de Servicio (&#8220;T\u00e9rminos de Servicio&#8221; &#8220;Acuerdo&#8221;), con cuidado antes de usar www.305obgyn.com (&#8220;el Sitio&#8221;) operado por Pavilion Women&#8217;s Health. Este Acuerdo establece los t\u00e9rminos y condiciones legalmente vinculantes para su uso del Sitio en www.305obgyn.com.<\/p>\n<p>Al acceder o utilizar el Sitio en cualquier forma, incluyendo, pero no limitado a, visitar o navegar por la Web o el aporte de contenidos u otros materiales en el Sitio, usted acepta que quedar\u00e1 vinculado por estas T\u00e9rminos\u00a0de servicio. Los t\u00e9rminos en may\u00fasculas se definen en el presente Acuerdo.<\/p>\n<div class=\"divider linebreak\"><\/div>\n<h3 class=\"divider linebreak\">PROPIEDAD INTELECTUAL<\/h3>\n<p>El Sitio y su contenido original, las caracter\u00edsticas y la funcionalidad son propiedad de Company, Inc. y est\u00e1n protegidas por derechos de autor internacionales, marcas registradas, patentes, secretos comerciales y otras leyes de propiedad intelectual o derechos de propiedad.<\/p>\n<div class=\"divider linebreak\"><\/div>\n<h3 class=\"divider linebreak\">TERMINACI\u00d3N<\/h3>\n<p>Podemos terminar su acceso al Sitio, sin causa o aviso, que puede resultar en el decomiso y la destrucci\u00f3n de toda la informaci\u00f3n asociada con usted. Todas las disposiciones de este Acuerdo que por su naturaleza deber\u00edan sobrevivir terminaci\u00f3n, sobrevivir\u00e1n la terminaci\u00f3n, incluyendo, sin limitaci\u00f3n, las disposiciones de propiedad, renuncias de garant\u00eda, indemnizaci\u00f3n y limitaciones de responsabilidad.<\/p>\n<div class=\"divider linebreak\"><\/div>\n<h3 class=\"divider linebreak\">ENLACES A OTROS SITIOS<\/h3>\n<p>Nuestro sitio puede contener enlaces a sitios de terceros que no son propiedad o est\u00e1n controladas por Pavilion Women&#8217;s Health.<\/p>\n<p>Pavilion Women&#8217;s Health\u00a0tiene ning\u00fan control sobre, y no asume ninguna responsabilidad por el contenido, las pol\u00edticas de privacidad o las pr\u00e1cticas de sitios o servicios de terceros. Le aconsejamos que lea los t\u00e9rminos y condiciones y la pol\u00edtica de privacidad de cualquier sitio de terceros que visite.<\/p>\n<div class=\"divider linebreak\"><\/div>\n<h3 class=\"divider linebreak\">LEGISLACI\u00d3N APLICABLE<\/h3>\n<p>Este Acuerdo (y cualquier otras reglas, pol\u00edticas o directrices incorporados por referencia) se regir\u00e1n e interpretar\u00e1n de acuerdo con las leyes de la Florida, Estados Unidos, sin dar efecto a cualquier principio de conflicto de leyes.<\/p>\n<div class=\"divider linebreak\"><\/div>\n<h3 class=\"divider linebreak\">CAMBIOS A ESTE ACUERDO<\/h3>\n<p>Nos reservamos el derecho, a nuestra sola discreci\u00f3n, de modificar o sustituir estas Condiciones del servicio mediante la publicaci\u00f3n de los t\u00e9rminos actualizados en el sitio. Su uso continuado del Sitio despu\u00e9s de cualquier cambio constituye su aceptaci\u00f3n de los nuevos T\u00e9rminos de Servicio.<\/p>\n<p>Por favor revise este Acuerdo peri\u00f3dicamente para los cambios. Si usted no est\u00e1 de acuerdo con cualquiera de este Acuerdo o cualquier cambio en este Acuerdo, no utilice, acceso o continuar para acceder al Sitio o discontinuar cualquier uso del Sitio de inmediato.<\/p>\n<div class=\"divider linebreak\"><\/div>\n<h3 class=\"divider linebreak\">CONT\u00c1CTENOS<\/h3>\n<p>Si usted tiene alguna pregunta acerca de este Acuerdo, por favor p\u00f3ngase en contacto con nosotros.<\/p>\n","protected":false},"excerpt":{"rendered":"<p>T\u00e9rminos de Servicio TDS Este Acuerdo fue modificado por \u00faltima vez el 26 de febrero de 2015. Por favor, lea estos T\u00e9rminos de Servicio (&#8220;T\u00e9rminos&#8230;<\/p>\n","protected":false},"author":2,"featured_media":0,"parent":0,"menu_order":0,"comment_status":"open","ping_status":"open","template":"","meta":{"footnotes":""},"class_list":["post-18735","page","type-page","status-publish","hentry"],"yoast_head":"<!-- This site is optimized with the Yoast SEO plugin v25.9 - https:\/\/yoast.com\/wordpress\/plugins\/seo\/ -->\n<title>Caring Doctors | Pavilion for Women&#039;s Health<\/title>\n<meta name=\"description\" content=\"Pavilion for Women&#039;s Health provides its patients with Caring Doctors. Schedule an appointment today to be seen by one of the best at\u00a0(786) 416-0003 !\" \/>\n<meta name=\"robots\" content=\"noindex, nofollow\" \/>\n<meta property=\"og:locale\" content=\"es_ES\" \/>\n<meta property=\"og:type\" content=\"article\" \/>\n<meta property=\"og:title\" content=\"Caring Doctors | Pavilion for Women&#039;s Health\" \/>\n<meta property=\"og:description\" content=\"Pavilion for Women&#039;s Health provides its patients with Caring Doctors. Schedule an appointment today to be seen by one of the best at\u00a0(786) 416-0003 !\" \/>\n<meta property=\"og:url\" content=\"https:\/\/305obgyn.com\/es\/terms-of-service\/\" \/>\n<meta property=\"og:site_name\" content=\"Pavilion for Women&#039;s Health\" \/>\n<meta property=\"article:publisher\" content=\"https:\/\/www.facebook.com\/pages\/Pavilion-for-Womens-Health-Wellness\/1376880229301814\" \/>\n<meta property=\"article:modified_time\" content=\"2021-10-18T10:53:07+00:00\" \/>\n<meta property=\"og:image\" content=\"https:\/\/305obgyn.com\/wp-content\/uploads\/2015\/02\/New-Web-Logo.png\" \/>\n\t<meta property=\"og:image:width\" content=\"320\" \/>\n\t<meta property=\"og:image:height\" content=\"95\" \/>\n\t<meta property=\"og:image:type\" content=\"image\/png\" \/>\n<meta name=\"twitter:label1\" content=\"Tiempo de lectura\" \/>\n\t<meta name=\"twitter:data1\" content=\"2 minutos\" \/>\n<script type=\"application\/ld+json\" class=\"yoast-schema-graph\">{\"@context\":\"https:\/\/schema.org\",\"@graph\":[{\"@type\":\"WebPage\",\"@id\":\"https:\/\/305obgyn.com\/es\/terms-of-service\/\",\"url\":\"https:\/\/305obgyn.com\/es\/terms-of-service\/\",\"name\":\"Caring Doctors | Pavilion for Women's Health\",\"isPartOf\":{\"@id\":\"https:\/\/305obgyn.com\/#website\"},\"datePublished\":\"2015-02-26T17:42:31+00:00\",\"dateModified\":\"2021-10-18T10:53:07+00:00\",\"description\":\"Pavilion for Women's Health provides its patients with Caring Doctors. Schedule an appointment today to be seen by one of the best at\u00a0(786) 416-0003 !\",\"breadcrumb\":{\"@id\":\"https:\/\/305obgyn.com\/es\/terms-of-service\/#breadcrumb\"},\"inLanguage\":\"es\",\"potentialAction\":[{\"@type\":\"ReadAction\",\"target\":[\"https:\/\/305obgyn.com\/es\/terms-of-service\/\"]}]},{\"@type\":\"BreadcrumbList\",\"@id\":\"https:\/\/305obgyn.com\/es\/terms-of-service\/#breadcrumb\",\"itemListElement\":[{\"@type\":\"ListItem\",\"position\":1,\"name\":\"Home\",\"item\":\"https:\/\/305obgyn.com\/es\/doctor\/\"},{\"@type\":\"ListItem\",\"position\":2,\"name\":\"T\u00e9rminos de Servicio\"}]},{\"@type\":\"WebSite\",\"@id\":\"https:\/\/305obgyn.com\/#website\",\"url\":\"https:\/\/305obgyn.com\/\",\"name\":\"Pavilion for Women&#039;s Health\",\"description\":\"OB-GYN in Miami | Kendall OBGYN | Dr. Scott Duncan &amp; Dr. Eric Runyan\",\"potentialAction\":[{\"@type\":\"SearchAction\",\"target\":{\"@type\":\"EntryPoint\",\"urlTemplate\":\"https:\/\/305obgyn.com\/?s={search_term_string}\"},\"query-input\":{\"@type\":\"PropertyValueSpecification\",\"valueRequired\":true,\"valueName\":\"search_term_string\"}}],\"inLanguage\":\"es\"}]}<\/script>\n<!-- \/ Yoast SEO plugin. -->","yoast_head_json":{"title":"Caring Doctors | Pavilion for Women's Health","description":"Pavilion for Women's Health provides its patients with Caring Doctors. Schedule an appointment today to be seen by one of the best at\u00a0(786) 416-0003 !","robots":{"index":"noindex","follow":"nofollow"},"og_locale":"es_ES","og_type":"article","og_title":"Caring Doctors | Pavilion for Women's Health","og_description":"Pavilion for Women's Health provides its patients with Caring Doctors. Schedule an appointment today to be seen by one of the best at\u00a0(786) 416-0003 !","og_url":"https:\/\/305obgyn.com\/es\/terms-of-service\/","og_site_name":"Pavilion for Women&#039;s Health","article_publisher":"https:\/\/www.facebook.com\/pages\/Pavilion-for-Womens-Health-Wellness\/1376880229301814","article_modified_time":"2021-10-18T10:53:07+00:00","og_image":[{"width":320,"height":95,"url":"https:\/\/305obgyn.com\/wp-content\/uploads\/2015\/02\/New-Web-Logo.png","type":"image\/png"}],"twitter_misc":{"Tiempo de lectura":"2 minutos"},"schema":{"@context":"https:\/\/schema.org","@graph":[{"@type":"WebPage","@id":"https:\/\/305obgyn.com\/es\/terms-of-service\/","url":"https:\/\/305obgyn.com\/es\/terms-of-service\/","name":"Caring Doctors | Pavilion for Women's Health","isPartOf":{"@id":"https:\/\/305obgyn.com\/#website"},"datePublished":"2015-02-26T17:42:31+00:00","dateModified":"2021-10-18T10:53:07+00:00","description":"Pavilion for Women's Health provides its patients with Caring Doctors. Schedule an appointment today to be seen by one of the best at\u00a0(786) 416-0003 !","breadcrumb":{"@id":"https:\/\/305obgyn.com\/es\/terms-of-service\/#breadcrumb"},"inLanguage":"es","potentialAction":[{"@type":"ReadAction","target":["https:\/\/305obgyn.com\/es\/terms-of-service\/"]}]},{"@type":"BreadcrumbList","@id":"https:\/\/305obgyn.com\/es\/terms-of-service\/#breadcrumb","itemListElement":[{"@type":"ListItem","position":1,"name":"Home","item":"https:\/\/305obgyn.com\/es\/doctor\/"},{"@type":"ListItem","position":2,"name":"T\u00e9rminos de Servicio"}]},{"@type":"WebSite","@id":"https:\/\/305obgyn.com\/#website","url":"https:\/\/305obgyn.com\/","name":"Pavilion for Women&#039;s Health","description":"OB-GYN in Miami | Kendall OBGYN | Dr. Scott Duncan &amp; Dr. Eric Runyan","potentialAction":[{"@type":"SearchAction","target":{"@type":"EntryPoint","urlTemplate":"https:\/\/305obgyn.com\/?s={search_term_string}"},"query-input":{"@type":"PropertyValueSpecification","valueRequired":true,"valueName":"search_term_string"}}],"inLanguage":"es"}]}},"_links":{"self":[{"href":"https:\/\/305obgyn.com\/es\/wp-json\/wp\/v2\/pages\/18735","targetHints":{"allow":["GET"]}}],"collection":[{"href":"https:\/\/305obgyn.com\/es\/wp-json\/wp\/v2\/pages"}],"about":[{"href":"https:\/\/305obgyn.com\/es\/wp-json\/wp\/v2\/types\/page"}],"author":[{"embeddable":true,"href":"https:\/\/305obgyn.com\/es\/wp-json\/wp\/v2\/users\/2"}],"replies":[{"embeddable":true,"href":"https:\/\/305obgyn.com\/es\/wp-json\/wp\/v2\/comments?post=18735"}],"version-history":[{"count":5,"href":"https:\/\/305obgyn.com\/es\/wp-json\/wp\/v2\/pages\/18735\/revisions"}],"predecessor-version":[{"id":22672,"href":"https:\/\/305obgyn.com\/es\/wp-json\/wp\/v2\/pages\/18735\/revisions\/22672"}],"wp:attachment":[{"href":"https:\/\/305obgyn.com\/es\/wp-json\/wp\/v2\/media?parent=18735"}],"curies":[{"name":"wp","href":"https:\/\/api.w.org\/{rel}","templated":true}]}}