{"id":18732,"date":"2015-02-26T12:45:15","date_gmt":"2015-02-26T17:45:15","guid":{"rendered":"http:\/\/obgynpavilion.com\/disclaimer-2\/"},"modified":"2021-10-18T05:49:48","modified_gmt":"2021-10-18T10:49:48","slug":"disclaimer","status":"publish","type":"page","link":"https:\/\/305obgyn.com\/es\/disclaimer\/","title":{"rendered":"Renuncia"},"content":{"rendered":"<h2>INFORMACI\u00d3N LEGAL<\/h2>\n<p>Si usted requiere m\u00e1s informaci\u00f3n o tiene alguna pregunta sobre la renuncia de nuestro sitio, por favor no dude en contactar con nosotros por correo electr\u00f3nico a <a href=\"https:\/\/305obgyn.com\/es\/contact\/\">Cont\u00e1ctenos<\/a>.<\/p>\n<p>Toda la informaci\u00f3n en este sitio web se publica de buena fe y al s\u00f3lo efecto de informaci\u00f3n general. www.305obgyn.com no hace ninguna garant\u00eda sobre la integridad, fiabilidad y exactitud de dicha informaci\u00f3n. Cualquier acci\u00f3n que usted tome en la informaci\u00f3n que encuentre en este sitio web (www.305obgyn.com), es estrictamente bajo su propio riesgo. www.305obgyn.com no ser\u00e1 responsable por cualquier p\u00e9rdida y \/ o da\u00f1os en relaci\u00f3n con el uso de nuestro sitio web.<\/p>\n<p>Desde nuestro sitio web, usted puede visitar otros sitios web siguiendo hiperv\u00ednculos a tales sitios externos. Si bien nos esforzamos por ofrecer s\u00f3lo los enlaces de calidad a sitios web \u00fatiles y \u00e9ticos, no tenemos ning\u00fan control sobre el contenido y la naturaleza de estos sitios. Estos enlaces a otros sitios web no implica una recomendaci\u00f3n para todo el contenido que se encuentra en estos sitios. Los propietarios de sitios y contenidos pueden cambiar sin previo aviso y puede ocurrir antes de que tengamos la oportunidad de eliminar un enlace que puede haber ido &#8220;malo&#8221;.<\/p>\n<p>Tenga tambi\u00e9n en cuenta que cuando usted sale de nuestro sitio web, otros sitios pueden tener diferentes pol\u00edticas de privacidad y t\u00e9rminos que est\u00e1n m\u00e1s all\u00e1 de nuestro control. Por favor, aseg\u00farate de revisar las pol\u00edticas de privacidad de estos sitios, as\u00ed como sus &#8220;T\u00e9rminos de Servicio&#8221; antes de participar en cualquier negocio o subir cualquier informaci\u00f3n.<\/p>\n<h2>CONSENTIMIENTO<\/h2>\n<p>Al utilizar nuestro sitio web, usted da su consentimiento para nuestro aviso legal y de acuerdo con sus t\u00e9rminos.<\/p>\n<h2>ACTUALIZACI\u00d3N<\/h2>\n<p>Esta renuncia sitio fue la \u00faltima actualizaci\u00f3n: Jueves, 26 de febrero 2014<br \/>\n<em>Debemos actualizar, modificar o realizar ning\u00fan cambio en este documento, esos cambios ser\u00e1n publicados aqu\u00ed un lugar destacado.<\/em><\/p>\n","protected":false},"excerpt":{"rendered":"<p>INFORMACI\u00d3N LEGAL Si usted requiere m\u00e1s informaci\u00f3n o tiene alguna pregunta sobre la renuncia de nuestro sitio, por favor no dude en contactar con nosotros&#8230;<\/p>\n","protected":false},"author":2,"featured_media":20921,"parent":0,"menu_order":0,"comment_status":"open","ping_status":"open","template":"","meta":{"footnotes":""},"class_list":["post-18732","page","type-page","status-publish","has-post-thumbnail","hentry"],"yoast_head":"<!-- This site is optimized with the Yoast SEO plugin v25.9 - https:\/\/yoast.com\/wordpress\/plugins\/seo\/ -->\n<title>Women&#039;s Health | Pavilion for Women&#039;s Health<\/title>\n<meta name=\"description\" content=\"At Pavilion for Women&#039;s Health, we provide general gynecological exams to hysterectomy procedures. Contact us today at\u00a0(786) 416-0003!\" \/>\n<meta name=\"robots\" content=\"noindex, nofollow\" \/>\n<meta property=\"og:locale\" content=\"es_ES\" \/>\n<meta property=\"og:type\" content=\"article\" \/>\n<meta property=\"og:title\" content=\"Women&#039;s Health | Pavilion for Women&#039;s Health\" \/>\n<meta property=\"og:description\" content=\"At Pavilion for Women&#039;s Health, we provide general gynecological exams to hysterectomy procedures. Contact us today at\u00a0(786) 416-0003!\" \/>\n<meta property=\"og:url\" content=\"https:\/\/305obgyn.com\/es\/disclaimer\/\" \/>\n<meta property=\"og:site_name\" content=\"Pavilion for Women&#039;s Health\" \/>\n<meta property=\"article:publisher\" content=\"https:\/\/www.facebook.com\/pages\/Pavilion-for-Womens-Health-Wellness\/1376880229301814\" \/>\n<meta property=\"article:modified_time\" content=\"2021-10-18T10:49:48+00:00\" \/>\n<meta property=\"og:image\" content=\"https:\/\/305obgyn.com\/wp-content\/uploads\/2016\/02\/Womens-Health-Center.jpg\" \/>\n\t<meta property=\"og:image:width\" content=\"1000\" \/>\n\t<meta property=\"og:image:height\" content=\"636\" \/>\n\t<meta property=\"og:image:type\" content=\"image\/jpeg\" \/>\n<meta name=\"twitter:label1\" content=\"Tiempo de lectura\" \/>\n\t<meta name=\"twitter:data1\" content=\"2 minutos\" \/>\n<script type=\"application\/ld+json\" class=\"yoast-schema-graph\">{\"@context\":\"https:\/\/schema.org\",\"@graph\":[{\"@type\":\"WebPage\",\"@id\":\"https:\/\/305obgyn.com\/es\/disclaimer\/\",\"url\":\"https:\/\/305obgyn.com\/es\/disclaimer\/\",\"name\":\"Women's Health | Pavilion for Women's Health\",\"isPartOf\":{\"@id\":\"https:\/\/305obgyn.com\/#website\"},\"primaryImageOfPage\":{\"@id\":\"https:\/\/305obgyn.com\/es\/disclaimer\/#primaryimage\"},\"image\":{\"@id\":\"https:\/\/305obgyn.com\/es\/disclaimer\/#primaryimage\"},\"thumbnailUrl\":\"https:\/\/305obgyn.com\/wp-content\/uploads\/2016\/02\/Womens-Health-Center.jpg\",\"datePublished\":\"2015-02-26T17:45:15+00:00\",\"dateModified\":\"2021-10-18T10:49:48+00:00\",\"description\":\"At Pavilion for Women's Health, we provide general gynecological exams to hysterectomy procedures. Contact us today at\u00a0(786) 416-0003!\",\"breadcrumb\":{\"@id\":\"https:\/\/305obgyn.com\/es\/disclaimer\/#breadcrumb\"},\"inLanguage\":\"es\",\"potentialAction\":[{\"@type\":\"ReadAction\",\"target\":[\"https:\/\/305obgyn.com\/es\/disclaimer\/\"]}]},{\"@type\":\"ImageObject\",\"inLanguage\":\"es\",\"@id\":\"https:\/\/305obgyn.com\/es\/disclaimer\/#primaryimage\",\"url\":\"https:\/\/305obgyn.com\/wp-content\/uploads\/2016\/02\/Womens-Health-Center.jpg\",\"contentUrl\":\"https:\/\/305obgyn.com\/wp-content\/uploads\/2016\/02\/Womens-Health-Center.jpg\",\"width\":1000,\"height\":636,\"caption\":\"Women's Health Center\"},{\"@type\":\"BreadcrumbList\",\"@id\":\"https:\/\/305obgyn.com\/es\/disclaimer\/#breadcrumb\",\"itemListElement\":[{\"@type\":\"ListItem\",\"position\":1,\"name\":\"Home\",\"item\":\"https:\/\/305obgyn.com\/es\/doctor\/\"},{\"@type\":\"ListItem\",\"position\":2,\"name\":\"Renuncia\"}]},{\"@type\":\"WebSite\",\"@id\":\"https:\/\/305obgyn.com\/#website\",\"url\":\"https:\/\/305obgyn.com\/\",\"name\":\"Pavilion for Women&#039;s Health\",\"description\":\"OB-GYN in Miami | Kendall OBGYN | Dr. Scott Duncan &amp; Dr. Eric Runyan\",\"potentialAction\":[{\"@type\":\"SearchAction\",\"target\":{\"@type\":\"EntryPoint\",\"urlTemplate\":\"https:\/\/305obgyn.com\/?s={search_term_string}\"},\"query-input\":{\"@type\":\"PropertyValueSpecification\",\"valueRequired\":true,\"valueName\":\"search_term_string\"}}],\"inLanguage\":\"es\"}]}<\/script>\n<!-- \/ Yoast SEO plugin. -->","yoast_head_json":{"title":"Women's Health | Pavilion for Women's Health","description":"At Pavilion for Women's Health, we provide general gynecological exams to hysterectomy procedures. Contact us today at\u00a0(786) 416-0003!","robots":{"index":"noindex","follow":"nofollow"},"og_locale":"es_ES","og_type":"article","og_title":"Women's Health | Pavilion for Women's Health","og_description":"At Pavilion for Women's Health, we provide general gynecological exams to hysterectomy procedures. Contact us today at\u00a0(786) 416-0003!","og_url":"https:\/\/305obgyn.com\/es\/disclaimer\/","og_site_name":"Pavilion for Women&#039;s Health","article_publisher":"https:\/\/www.facebook.com\/pages\/Pavilion-for-Womens-Health-Wellness\/1376880229301814","article_modified_time":"2021-10-18T10:49:48+00:00","og_image":[{"width":1000,"height":636,"url":"https:\/\/305obgyn.com\/wp-content\/uploads\/2016\/02\/Womens-Health-Center.jpg","type":"image\/jpeg"}],"twitter_misc":{"Tiempo de lectura":"2 minutos"},"schema":{"@context":"https:\/\/schema.org","@graph":[{"@type":"WebPage","@id":"https:\/\/305obgyn.com\/es\/disclaimer\/","url":"https:\/\/305obgyn.com\/es\/disclaimer\/","name":"Women's Health | Pavilion for Women's Health","isPartOf":{"@id":"https:\/\/305obgyn.com\/#website"},"primaryImageOfPage":{"@id":"https:\/\/305obgyn.com\/es\/disclaimer\/#primaryimage"},"image":{"@id":"https:\/\/305obgyn.com\/es\/disclaimer\/#primaryimage"},"thumbnailUrl":"https:\/\/305obgyn.com\/wp-content\/uploads\/2016\/02\/Womens-Health-Center.jpg","datePublished":"2015-02-26T17:45:15+00:00","dateModified":"2021-10-18T10:49:48+00:00","description":"At Pavilion for Women's Health, we provide general gynecological exams to hysterectomy procedures. Contact us today at\u00a0(786) 416-0003!","breadcrumb":{"@id":"https:\/\/305obgyn.com\/es\/disclaimer\/#breadcrumb"},"inLanguage":"es","potentialAction":[{"@type":"ReadAction","target":["https:\/\/305obgyn.com\/es\/disclaimer\/"]}]},{"@type":"ImageObject","inLanguage":"es","@id":"https:\/\/305obgyn.com\/es\/disclaimer\/#primaryimage","url":"https:\/\/305obgyn.com\/wp-content\/uploads\/2016\/02\/Womens-Health-Center.jpg","contentUrl":"https:\/\/305obgyn.com\/wp-content\/uploads\/2016\/02\/Womens-Health-Center.jpg","width":1000,"height":636,"caption":"Women's Health Center"},{"@type":"BreadcrumbList","@id":"https:\/\/305obgyn.com\/es\/disclaimer\/#breadcrumb","itemListElement":[{"@type":"ListItem","position":1,"name":"Home","item":"https:\/\/305obgyn.com\/es\/doctor\/"},{"@type":"ListItem","position":2,"name":"Renuncia"}]},{"@type":"WebSite","@id":"https:\/\/305obgyn.com\/#website","url":"https:\/\/305obgyn.com\/","name":"Pavilion for Women&#039;s Health","description":"OB-GYN in Miami | Kendall OBGYN | Dr. Scott Duncan &amp; Dr. Eric Runyan","potentialAction":[{"@type":"SearchAction","target":{"@type":"EntryPoint","urlTemplate":"https:\/\/305obgyn.com\/?s={search_term_string}"},"query-input":{"@type":"PropertyValueSpecification","valueRequired":true,"valueName":"search_term_string"}}],"inLanguage":"es"}]}},"_links":{"self":[{"href":"https:\/\/305obgyn.com\/es\/wp-json\/wp\/v2\/pages\/18732","targetHints":{"allow":["GET"]}}],"collection":[{"href":"https:\/\/305obgyn.com\/es\/wp-json\/wp\/v2\/pages"}],"about":[{"href":"https:\/\/305obgyn.com\/es\/wp-json\/wp\/v2\/types\/page"}],"author":[{"embeddable":true,"href":"https:\/\/305obgyn.com\/es\/wp-json\/wp\/v2\/users\/2"}],"replies":[{"embeddable":true,"href":"https:\/\/305obgyn.com\/es\/wp-json\/wp\/v2\/comments?post=18732"}],"version-history":[{"count":4,"href":"https:\/\/305obgyn.com\/es\/wp-json\/wp\/v2\/pages\/18732\/revisions"}],"predecessor-version":[{"id":22658,"href":"https:\/\/305obgyn.com\/es\/wp-json\/wp\/v2\/pages\/18732\/revisions\/22658"}],"wp:featuredmedia":[{"embeddable":true,"href":"https:\/\/305obgyn.com\/es\/wp-json\/wp\/v2\/media\/20921"}],"wp:attachment":[{"href":"https:\/\/305obgyn.com\/es\/wp-json\/wp\/v2\/media?parent=18732"}],"curies":[{"name":"wp","href":"https:\/\/api.w.org\/{rel}","templated":true}]}}