{"id":18677,"date":"2015-03-11T11:57:20","date_gmt":"2015-03-11T16:57:20","guid":{"rendered":"http:\/\/obgynpavilion.com\/?page_id=18677"},"modified":"2021-10-18T05:49:18","modified_gmt":"2021-10-18T10:49:18","slug":"patient-forms","status":"publish","type":"page","link":"https:\/\/305obgyn.com\/es\/patient-forms\/","title":{"rendered":"Patient Forms"},"content":{"rendered":"<p>[vc_row][vc_column width=&#8221;2\/3&#8243;][vc_column_text]Para descargar los formularios y la informaci\u00f3n que necesitas, simplemente haga clic en los enlaces de abajo. Para mayor comodidad, nuestros formularios se pueden descargar y guardar para uso futuro.<\/p>\n<p>Puede imprimir y completar estos formularios de los pacientes con antelaci\u00f3n, o completar la copia proporcionada por uno de nuestros Representantes de Servicio al Paciente en el check-in. Esto permitir\u00e1 que podamos procesar su informaci\u00f3n con mayor rapidez y, potencialmente, hacer que te tratado con mayor rapidez.<\/p>\n<p>Si usted necesita dar Pavilion for Women&#8217;s Health &amp; Wellness\u00a0autorizaci\u00f3n con respecto al tratamiento de un menor o de revelar su informaci\u00f3n de salud a otro proveedor, le ofrecemos el formulario necesario aqu\u00ed.<\/p>\n<p>Necesita Adobe Acrobat Reader para ver estos formularios.<\/p>\n<p><img loading=\"lazy\" decoding=\"async\" class=\"alignnone wp-image-18836 size-medium\" src=\"http:\/\/305obgyn.com\/wp-content\/uploads\/2015\/03\/adobe_reader-spanish-300x76.jpg\" alt=\"\" width=\"300\" height=\"76\" srcset=\"https:\/\/305obgyn.com\/wp-content\/uploads\/2015\/03\/adobe_reader-spanish-300x76.jpg 300w, https:\/\/305obgyn.com\/wp-content\/uploads\/2015\/03\/adobe_reader-spanish.jpg 444w\" sizes=\"auto, (max-width: 300px) 100vw, 300px\" \/>[\/vc_column_text][\/vc_column][vc_column width=&#8221;1\/3&#8243;][vc_text_separator title=&#8221;\u00bfPreguntas?&#8221; color=&#8221;sky&#8221;][vc_column_text]\t<div id=\"snppopup-inline-21229\" class=\"snp-pop-21229 snppopup snp-pop-inline\"><input type=\"hidden\" class=\"snp_open\" value=\"load\" \/><input type=\"hidden\" class=\"snp_show_on_exit\" value=\"2\" \/><input type=\"hidden\" class=\"snp_exit_js_alert_text\" value=\"\" \/><input type=\"hidden\" class=\"snp_open_scroll\" value=\"10\" \/><input type=\"hidden\" class=\"snp_optin_redirect_url\" value=\"https:\/\/305obgyn.com\/thank-you\/\" \/><input type=\"hidden\" class=\"snp_show_cb_button\" value=\"yes\" \/><input type=\"hidden\" class=\"snp_popup_id\" value=\"21229\" \/><input type=\"hidden\" class=\"snp_popup_theme\" value=\"builder\" \/><input type=\"hidden\" class=\"snp_overlay\" value=\"default\" \/><input type=\"hidden\" class=\"snp_cookie_conversion\" value=\"30\" \/><input type=\"hidden\" class=\"snp_cookie_close\" value=\"-1\" \/><div class=\"snp-builder snp-bld-showme\">\r\n            <div class=\"snp-bld-step-cont snp-bld-step-cont-1\">\r\n            <div id=\"snp-bld-step-1\" data-width=\"400\" data-height=\"585\"  class=\"snp-bld-step snp-bld-step-1 snp-bld-showme  \"  ><form action=\"#\" method=\"post\" class=\"snp-subscribeform snp_subscribeform\"> \r\n                <div class=\"bld-el-cont bld-el-text bld-step-1-el-0  animated \" data-animation=\"\"><div class=\"bld-el  \" ><p><span style=\"font-size: 28px; color: #ffffff;\"><strong>DEJANOS UN MENSAJE<\/strong><\/span><\/p><\/div><\/div><div class=\"bld-el-cont bld-el-input bld-step-1-el-1  animated  bld-icon\" data-animation=\"\"><span class=\"bld-input-icon\"><i class=\"fa fa-user\"><\/i><\/span><div class=\"bld-table-cont\"><input   placeholder=\"Tu Nombre\" required name=\"name\"  value=\"\"  class=\"bld-el  \" \/><\/div><\/div><div class=\"bld-el-cont bld-el-input bld-step-1-el-2  animated  bld-icon\" data-animation=\"\"><span class=\"bld-input-icon\"><i class=\"fa fa-envelope\"><\/i><\/span><div class=\"bld-table-cont\"><input   placeholder=\"Tu Correo Elect\u00f3nico\" required name=\"email\"  value=\"\"  class=\"bld-el  \" \/><\/div><\/div><div class=\"bld-el-cont bld-el-input bld-step-1-el-3  animated  bld-icon\" data-animation=\"\"><span class=\"bld-input-icon\"><i class=\"fa fa-phone\"><\/i><\/span><div class=\"bld-table-cont\"><input   placeholder=\"Tu N\u00famero\" required name=\"Phone\"  value=\"\"  class=\"bld-el  \" \/><\/div><\/div><div class=\"bld-el-cont bld-el-textarea bld-step-1-el-4  animated  bld-icon\" data-animation=\"\"><span class=\"bld-input-icon\"><i class=\"fa fa-pencil\"><\/i><\/span><div class=\"bld-table-cont\"><textarea  placeholder=\"Tu Mensaje...\" required name=\"Message\"  class=\"bld-el  \"><\/textarea><\/div><\/div><div class=\"bld-el-cont bld-el-button bld-step-1-el-5  animated \" data-animation=\"\"><button class=\"bld-el   snp-submit snp-cursor-pointer\"  type=\"submit\">ENVIAR<i style=\"margin-left: 15px;\" class=\"fa fa-arrow-right\"><\/i><\/button><\/div>\r\n            <\/form><\/div>        <\/div>\r\n        <\/div>\r\n<style>\r\n.snp-pop-21229 .snp-bld-step-cont-1 {}.snp-pop-21229 .snp-bld-step-1 {width: 400px;height: 585px;border-width: 0px;border-radius: 15px;background-color: #4c96db;background-position: center center;background-repeat: repeat;}.snp-pop-21229 .bld-step-1-el-0 {   border: 1px solid transparent;width: 250px;height: 38px;top: 15px;left: 77px;z-index: 100;}.snp-pop-21229 .bld-step-1-el-0 .bld-el,.snp-pop-21229 .bld-step-1-el-0 .bld-el p,.snp-pop-21229 .bld-step-1-el-0 .bld-el:focus,.snp-pop-21229 .bld-step-1-el-0 .bld-el:active,.snp-pop-21229 .bld-step-1-el-0 .bld-el:hover{outline: 0;font-family: Oswald;border-width: 0px;background-position: center center;background-repeat: repeat;}.snp-pop-21229 .bld-step-1-el-1 {   border: 1px solid transparent;width: 350px;height: 50px;top: 80px;left: 25px;z-index: 100;}.snp-pop-21229 .bld-step-1-el-1 .bld-el,.snp-pop-21229 .bld-step-1-el-1 .bld-el p,.snp-pop-21229 .bld-step-1-el-1 .bld-el:focus,.snp-pop-21229 .bld-step-1-el-1 .bld-el:active,.snp-pop-21229 .bld-step-1-el-1 .bld-el:hover{outline: 0;height: 48px;font-family: Open Sans;font-size: 14px;border-style: solid;border-width: 0px;border-color: #999999;border-radius: 5px;padding: 15px;background-position: center center;background-repeat: repeat;}.snp-pop-21229 .bld-step-1-el-1 .bld-el::-webkit-input-placeholder { color: ; }.snp-pop-21229 .bld-step-1-el-1 .bld-el::-moz-placeholder { color: ; }.snp-pop-21229 .bld-step-1-el-1.bld-icon .bld-input-icon{border-right-width: 0 !important;width: px;font-size: 20px;border-style: solid;border-width: 0px;border-color: #999999;border-radius: 5px;color: #ffffff;background-color: #5e5e5e;}.snp-pop-21229 .bld-step-1-el-2 {   border: 1px solid transparent;width: 350px;height: 50px;top: 150px;left: 25px;z-index: 100;}.snp-pop-21229 .bld-step-1-el-2 .bld-el,.snp-pop-21229 .bld-step-1-el-2 .bld-el p,.snp-pop-21229 .bld-step-1-el-2 .bld-el:focus,.snp-pop-21229 .bld-step-1-el-2 .bld-el:active,.snp-pop-21229 .bld-step-1-el-2 .bld-el:hover{outline: 0;height: 48px;font-family: Open Sans;font-size: 14px;border-style: solid;border-width: 0px;border-radius: 5px;padding: 15px;background-position: center center;background-repeat: repeat;}.snp-pop-21229 .bld-step-1-el-2 .bld-el::-webkit-input-placeholder { color: ; }.snp-pop-21229 .bld-step-1-el-2 .bld-el::-moz-placeholder { color: ; }.snp-pop-21229 .bld-step-1-el-2.bld-icon .bld-input-icon{border-right-width: 0 !important;width: px;font-size: 18px;border-style: solid;border-width: 0px;border-radius: 5px;color: #ffffff;background-color: #5e5e5e;}.snp-pop-21229 .bld-step-1-el-3 {   border: 1px solid transparent;width: 350px;height: 50px;top: 220px;left: 25px;z-index: 100;}.snp-pop-21229 .bld-step-1-el-3 .bld-el,.snp-pop-21229 .bld-step-1-el-3 .bld-el p,.snp-pop-21229 .bld-step-1-el-3 .bld-el:focus,.snp-pop-21229 .bld-step-1-el-3 .bld-el:active,.snp-pop-21229 .bld-step-1-el-3 .bld-el:hover{outline: 0;height: 48px;font-family: Open Sans;font-size: 14px;border-style: solid;border-width: 0px;border-color: #999999;border-radius: 5px;padding: 15px;background-position: center center;background-repeat: repeat;}.snp-pop-21229 .bld-step-1-el-3 .bld-el::-webkit-input-placeholder { color: ; }.snp-pop-21229 .bld-step-1-el-3 .bld-el::-moz-placeholder { color: ; }.snp-pop-21229 .bld-step-1-el-3.bld-icon .bld-input-icon{border-right-width: 0 !important;width: px;font-size: 20px;border-style: solid;border-width: 0px;border-color: #999999;border-radius: 5px;color: #ffffff;background-color: #5e5e5e;}.snp-pop-21229 .bld-step-1-el-4 {   border: 1px solid transparent;width: 350px;height: 200px;top: 290px;left: 25px;z-index: 100;}.snp-pop-21229 .bld-step-1-el-4 .bld-el,.snp-pop-21229 .bld-step-1-el-4 .bld-el p,.snp-pop-21229 .bld-step-1-el-4 .bld-el:focus,.snp-pop-21229 .bld-step-1-el-4 .bld-el:active,.snp-pop-21229 .bld-step-1-el-4 .bld-el:hover{outline: 0;height: 198px;font-family: Open Sans;font-size: 14px;border-style: none;border-width: 0px;border-color: #999999;border-radius: 5px;padding: 15px;background-position: center center;background-repeat: repeat;}.snp-pop-21229 .bld-step-1-el-4 .bld-el::-webkit-input-placeholder { color: ; }.snp-pop-21229 .bld-step-1-el-4 .bld-el::-moz-placeholder { color: ; }.snp-pop-21229 .bld-step-1-el-4.bld-icon .bld-input-icon{border-right-width: 0 !important;width: px;font-size: 18px;border-style: none;border-width: 0px;border-color: #999999;border-radius: 5px;color: #ffffff;background-color: #5e5e5e;}.snp-pop-21229 .bld-step-1-el-5 {   border: 1px solid transparent;width: 350px;height: 50px;top: 513px;left: 25px;z-index: 100;}.snp-pop-21229 .bld-step-1-el-5 .bld-el,.snp-pop-21229 .bld-step-1-el-5 .bld-el p,.snp-pop-21229 .bld-step-1-el-5 .bld-el:focus,.snp-pop-21229 .bld-step-1-el-5 .bld-el:active,.snp-pop-21229 .bld-step-1-el-5 .bld-el:hover{outline: 0;color: #ffffff;font-family: Open Sans;font-size: 20px;font-weight: bold;border-style: none;border-width: 0px;border-radius: 5px;background-color: #5e5e5e !important;background-position: center center;background-repeat: repeat;padding-left: 10px;}#snp-pop-21229-overlay {opacity: 0.8;background-color: #5A5757;}    \r\n<\/style><\/div>[\/vc_column_text][\/vc_column][\/vc_row]<\/p>\n","protected":false},"excerpt":{"rendered":"<p>[vc_row][vc_column width=&#8221;2\/3&#8243;][vc_column_text]Para descargar los formularios y la informaci\u00f3n que necesitas, simplemente haga clic en los enlaces de abajo. Para mayor comodidad, nuestros formularios se pueden&#8230;<\/p>\n","protected":false},"author":1,"featured_media":0,"parent":0,"menu_order":0,"comment_status":"open","ping_status":"open","template":"","meta":{"footnotes":""},"class_list":["post-18677","page","type-page","status-publish","hentry"],"yoast_head":"<!-- This site is optimized with the Yoast SEO plugin v25.9 - https:\/\/yoast.com\/wordpress\/plugins\/seo\/ -->\n<title>Best Gynecologist Near Me | Pavilion for Women&#039;s Health<\/title>\n<meta name=\"description\" content=\"The Pavilion for Women&#039;s Health has the Best Gynecologist Near Me! Contact us today at (786) 416-0003 to schedule an appointment.\u00a0\" \/>\n<meta name=\"robots\" content=\"noindex, nofollow\" \/>\n<meta property=\"og:locale\" content=\"es_ES\" \/>\n<meta property=\"og:type\" content=\"article\" \/>\n<meta property=\"og:title\" content=\"Best Gynecologist Near Me | Pavilion for Women&#039;s Health\" \/>\n<meta property=\"og:description\" content=\"The Pavilion for Women&#039;s Health has the Best Gynecologist Near Me! Contact us today at (786) 416-0003 to schedule an appointment.\u00a0\" \/>\n<meta property=\"og:url\" content=\"https:\/\/305obgyn.com\/es\/patient-forms\/\" \/>\n<meta property=\"og:site_name\" content=\"Pavilion for Women&#039;s Health\" \/>\n<meta property=\"article:publisher\" content=\"https:\/\/www.facebook.com\/pages\/Pavilion-for-Womens-Health-Wellness\/1376880229301814\" \/>\n<meta property=\"article:modified_time\" content=\"2021-10-18T10:49:18+00:00\" \/>\n<meta property=\"og:image\" content=\"http:\/\/305obgyn.com\/wp-content\/uploads\/2015\/03\/adobe_reader-spanish-300x76.jpg\" \/>\n<meta name=\"twitter:label1\" content=\"Tiempo de lectura\" \/>\n\t<meta name=\"twitter:data1\" content=\"1 minuto\" \/>\n<script type=\"application\/ld+json\" class=\"yoast-schema-graph\">{\"@context\":\"https:\/\/schema.org\",\"@graph\":[{\"@type\":\"WebPage\",\"@id\":\"https:\/\/305obgyn.com\/es\/patient-forms\/\",\"url\":\"https:\/\/305obgyn.com\/es\/patient-forms\/\",\"name\":\"Best Gynecologist Near Me | Pavilion for Women's Health\",\"isPartOf\":{\"@id\":\"https:\/\/305obgyn.com\/#website\"},\"primaryImageOfPage\":{\"@id\":\"https:\/\/305obgyn.com\/es\/patient-forms\/#primaryimage\"},\"image\":{\"@id\":\"https:\/\/305obgyn.com\/es\/patient-forms\/#primaryimage\"},\"thumbnailUrl\":\"http:\/\/305obgyn.com\/wp-content\/uploads\/2015\/03\/adobe_reader-spanish-300x76.jpg\",\"datePublished\":\"2015-03-11T16:57:20+00:00\",\"dateModified\":\"2021-10-18T10:49:18+00:00\",\"description\":\"The Pavilion for Women's Health has the Best Gynecologist Near Me! Contact us today at (786) 416-0003 to schedule an appointment.\u00a0\",\"breadcrumb\":{\"@id\":\"https:\/\/305obgyn.com\/es\/patient-forms\/#breadcrumb\"},\"inLanguage\":\"es\",\"potentialAction\":[{\"@type\":\"ReadAction\",\"target\":[\"https:\/\/305obgyn.com\/es\/patient-forms\/\"]}]},{\"@type\":\"ImageObject\",\"inLanguage\":\"es\",\"@id\":\"https:\/\/305obgyn.com\/es\/patient-forms\/#primaryimage\",\"url\":\"http:\/\/305obgyn.com\/wp-content\/uploads\/2015\/03\/adobe_reader-spanish-300x76.jpg\",\"contentUrl\":\"http:\/\/305obgyn.com\/wp-content\/uploads\/2015\/03\/adobe_reader-spanish-300x76.jpg\"},{\"@type\":\"BreadcrumbList\",\"@id\":\"https:\/\/305obgyn.com\/es\/patient-forms\/#breadcrumb\",\"itemListElement\":[{\"@type\":\"ListItem\",\"position\":1,\"name\":\"Home\",\"item\":\"https:\/\/305obgyn.com\/es\/doctor\/\"},{\"@type\":\"ListItem\",\"position\":2,\"name\":\"Patient Forms\"}]},{\"@type\":\"WebSite\",\"@id\":\"https:\/\/305obgyn.com\/#website\",\"url\":\"https:\/\/305obgyn.com\/\",\"name\":\"Pavilion for Women&#039;s Health\",\"description\":\"OB-GYN in Miami | Kendall OBGYN | Dr. Scott Duncan &amp; Dr. Eric Runyan\",\"potentialAction\":[{\"@type\":\"SearchAction\",\"target\":{\"@type\":\"EntryPoint\",\"urlTemplate\":\"https:\/\/305obgyn.com\/?s={search_term_string}\"},\"query-input\":{\"@type\":\"PropertyValueSpecification\",\"valueRequired\":true,\"valueName\":\"search_term_string\"}}],\"inLanguage\":\"es\"}]}<\/script>\n<!-- \/ Yoast SEO plugin. -->","yoast_head_json":{"title":"Best Gynecologist Near Me | Pavilion for Women's Health","description":"The Pavilion for Women's Health has the Best Gynecologist Near Me! Contact us today at (786) 416-0003 to schedule an appointment.\u00a0","robots":{"index":"noindex","follow":"nofollow"},"og_locale":"es_ES","og_type":"article","og_title":"Best Gynecologist Near Me | Pavilion for Women's Health","og_description":"The Pavilion for Women's Health has the Best Gynecologist Near Me! Contact us today at (786) 416-0003 to schedule an appointment.\u00a0","og_url":"https:\/\/305obgyn.com\/es\/patient-forms\/","og_site_name":"Pavilion for Women&#039;s Health","article_publisher":"https:\/\/www.facebook.com\/pages\/Pavilion-for-Womens-Health-Wellness\/1376880229301814","article_modified_time":"2021-10-18T10:49:18+00:00","og_image":[{"url":"http:\/\/305obgyn.com\/wp-content\/uploads\/2015\/03\/adobe_reader-spanish-300x76.jpg","type":"","width":"","height":""}],"twitter_misc":{"Tiempo de lectura":"1 minuto"},"schema":{"@context":"https:\/\/schema.org","@graph":[{"@type":"WebPage","@id":"https:\/\/305obgyn.com\/es\/patient-forms\/","url":"https:\/\/305obgyn.com\/es\/patient-forms\/","name":"Best Gynecologist Near Me | Pavilion for Women's Health","isPartOf":{"@id":"https:\/\/305obgyn.com\/#website"},"primaryImageOfPage":{"@id":"https:\/\/305obgyn.com\/es\/patient-forms\/#primaryimage"},"image":{"@id":"https:\/\/305obgyn.com\/es\/patient-forms\/#primaryimage"},"thumbnailUrl":"http:\/\/305obgyn.com\/wp-content\/uploads\/2015\/03\/adobe_reader-spanish-300x76.jpg","datePublished":"2015-03-11T16:57:20+00:00","dateModified":"2021-10-18T10:49:18+00:00","description":"The Pavilion for Women's Health has the Best Gynecologist Near Me! Contact us today at (786) 416-0003 to schedule an appointment.\u00a0","breadcrumb":{"@id":"https:\/\/305obgyn.com\/es\/patient-forms\/#breadcrumb"},"inLanguage":"es","potentialAction":[{"@type":"ReadAction","target":["https:\/\/305obgyn.com\/es\/patient-forms\/"]}]},{"@type":"ImageObject","inLanguage":"es","@id":"https:\/\/305obgyn.com\/es\/patient-forms\/#primaryimage","url":"http:\/\/305obgyn.com\/wp-content\/uploads\/2015\/03\/adobe_reader-spanish-300x76.jpg","contentUrl":"http:\/\/305obgyn.com\/wp-content\/uploads\/2015\/03\/adobe_reader-spanish-300x76.jpg"},{"@type":"BreadcrumbList","@id":"https:\/\/305obgyn.com\/es\/patient-forms\/#breadcrumb","itemListElement":[{"@type":"ListItem","position":1,"name":"Home","item":"https:\/\/305obgyn.com\/es\/doctor\/"},{"@type":"ListItem","position":2,"name":"Patient Forms"}]},{"@type":"WebSite","@id":"https:\/\/305obgyn.com\/#website","url":"https:\/\/305obgyn.com\/","name":"Pavilion for Women&#039;s Health","description":"OB-GYN in Miami | Kendall OBGYN | Dr. Scott Duncan &amp; Dr. Eric Runyan","potentialAction":[{"@type":"SearchAction","target":{"@type":"EntryPoint","urlTemplate":"https:\/\/305obgyn.com\/?s={search_term_string}"},"query-input":{"@type":"PropertyValueSpecification","valueRequired":true,"valueName":"search_term_string"}}],"inLanguage":"es"}]}},"_links":{"self":[{"href":"https:\/\/305obgyn.com\/es\/wp-json\/wp\/v2\/pages\/18677","targetHints":{"allow":["GET"]}}],"collection":[{"href":"https:\/\/305obgyn.com\/es\/wp-json\/wp\/v2\/pages"}],"about":[{"href":"https:\/\/305obgyn.com\/es\/wp-json\/wp\/v2\/types\/page"}],"author":[{"embeddable":true,"href":"https:\/\/305obgyn.com\/es\/wp-json\/wp\/v2\/users\/1"}],"replies":[{"embeddable":true,"href":"https:\/\/305obgyn.com\/es\/wp-json\/wp\/v2\/comments?post=18677"}],"version-history":[{"count":7,"href":"https:\/\/305obgyn.com\/es\/wp-json\/wp\/v2\/pages\/18677\/revisions"}],"predecessor-version":[{"id":21233,"href":"https:\/\/305obgyn.com\/es\/wp-json\/wp\/v2\/pages\/18677\/revisions\/21233"}],"wp:attachment":[{"href":"https:\/\/305obgyn.com\/es\/wp-json\/wp\/v2\/media?parent=18677"}],"curies":[{"name":"wp","href":"https:\/\/api.w.org\/{rel}","templated":true}]}}