{"id":18662,"date":"2015-02-24T12:09:48","date_gmt":"2015-02-24T17:09:48","guid":{"rendered":"http:\/\/obgynpavilion.com\/about-obgyn-pavilion-2\/"},"modified":"2024-01-03T12:24:33","modified_gmt":"2024-01-03T17:24:33","slug":"about-obgyn-pavilion","status":"publish","type":"page","link":"https:\/\/305obgyn.com\/es\/about-obgyn-pavilion\/","title":{"rendered":"Sobre Nosotros | GYN Doctors Near Me"},"content":{"rendered":"<p>[vc_row][vc_column width=&#8221;2\/3&#8243;][vc_column_text]<\/p>\n<h2>\u00a0Porqu\u00e9 Usted Debe Elegirnos<\/h2>\n<p>[\/vc_column_text][vc_row_inner][vc_column_inner width=&#8221;1\/2&#8243;][vc_single_image image=&#8221;23482&#8243; img_size=&#8221;full&#8221;][\/vc_column_inner][vc_column_inner width=&#8221;1\/2&#8243;][vc_single_image image=&#8221;23483&#8243; img_size=&#8221;full&#8221;][\/vc_column_inner][\/vc_row_inner][vc_column_text]En Pavilion for Women&#8217;s Care, LLC, ofrecemos el nivel m\u00e1s alto de atenci\u00f3n a trav\u00e9s de nuestra experiencia medica y tecnolog\u00edas avanzadas. Estamos dedicados a responder las necesidades y demandas medicas de los pacientes en un ambiente c\u00e1lido y cari\u00f1oso. GYN Doctors near me.<\/p>\n<p>Con a\u00f1os de experiencia, los m\u00e9dicos del Pavilion for Women&#8217;s Care, LLC,\u00a0demuestran la profesionalidad y experiencia a trav\u00e9s de calidad y eficiencia . Ofreciendo servicios de toda vida,\u00a0empezando con su primer\u00a0examen ginecologo, desde el parto, y siguiendo\u00a0hasta\u00a0la\u00a0menopausia. Nuestro objetivo educar a los\u00a0pacientes con informaci\u00f3n experta y atenci\u00f3n m\u00e9dica basada en la confianza mutua y la comunicaci\u00f3n.<\/p>\n<h2>Proveedores<\/h2>\n<ul>\n<li><a href=\"https:\/\/305obgyn.com\/doctor-dunkin\/\" target=\"_blank\" rel=\"noopener\">Scott Dunkin, D.O., FACOOG<\/a><\/li>\n<li><a href=\"https:\/\/305obgyn.com\/doctor-runyon\/\" target=\"_blank\" rel=\"noopener\">Eric Runyon, D.O., FACOOG<\/a><\/li>\n<\/ul>\n<h2>Afiliaciones del Hospital<\/h2>\n<p>Nuestros m\u00e9dicos est\u00e1n afiliados a los siguientes hospitales:<\/p>\n<ul>\n<li><span style=\"color: #4d96db;\"><a style=\"color: #4d96db;\" href=\"https:\/\/baptisthealth.net\/locations\/hospitals\/south-miami-hospital\" target=\"_blank\" rel=\"noopener noreferrer\">Baptist Health South Miami Hospital<\/a><\/span><\/li>\n<li><span style=\"color: #4d96db;\"><a style=\"color: #4d96db;\" href=\"https:\/\/www.hcafloridahealthcare.com\/locations\/kendall-hospital\" target=\"_blank\" rel=\"noopener noreferrer\">HCA Florida Kendall Hospital<\/a><\/span><\/li>\n<li><span style=\"color: #4d96db;\"><a style=\"color: #4d96db;\" href=\"https:\/\/baptisthealth.net\/locations\/surgery-centers\/medical-arts-surgery-center-at-south-miami\" target=\"_blank\" rel=\"noopener noreferrer\">Medical Arts Surgery Center<\/a><\/span><\/li>\n<li><span style=\"color: #4d96db;\"><a style=\"color: #4d96db;\" href=\"https:\/\/keraltyhospital.com\/\" target=\"_blank\" rel=\"noopener noreferrer\">Keralty Hospital Miami<\/a><\/span><\/li>\n<\/ul>\n<p>Tambi\u00e9n estamos involucrados en la ense\u00f1anza:<\/p>\n<ul>\n<li>Los internos y residentes en <span style=\"color: #4d96db;\"><a style=\"color: #4d96db;\" href=\"https:\/\/keraltyhospital.com\/\" target=\"_blank\" rel=\"noopener noreferrer\">Keralty Hospital Miami<\/a><\/span><\/li>\n<li>Residentes en <a href=\"https:\/\/osteopathic.nova.edu\/index.html\">Nova Southeastern University College Of Osteopathic Medicine<\/a><\/li>\n<\/ul>\n<p>Estamos dedicados a ofrecerte una variedad de servicios ginecologicos. Si deseas obtener m\u00e1s informaci\u00f3n sobre los servicios que ofrecemos, por favor llame a nuestra oficina o hable con su proveedor de atenci\u008f\u00f3n medica. GYN doctors near me.[\/vc_column_text][\/vc_column][vc_column width=&#8221;1\/3&#8243;][vc_text_separator title=&#8221;\u00bfPreguntas?&#8221; color=&#8221;sky&#8221;][vc_column_text]\t<div id=\"snppopup-inline-21229\" class=\"snp-pop-21229 snppopup snp-pop-inline\"><input type=\"hidden\" class=\"snp_open\" value=\"load\" \/><input type=\"hidden\" class=\"snp_show_on_exit\" value=\"2\" \/><input type=\"hidden\" class=\"snp_exit_js_alert_text\" value=\"\" \/><input type=\"hidden\" class=\"snp_open_scroll\" value=\"10\" \/><input type=\"hidden\" class=\"snp_optin_redirect_url\" value=\"https:\/\/305obgyn.com\/thank-you\/\" \/><input type=\"hidden\" class=\"snp_show_cb_button\" value=\"yes\" \/><input type=\"hidden\" class=\"snp_popup_id\" value=\"21229\" \/><input type=\"hidden\" class=\"snp_popup_theme\" value=\"builder\" \/><input type=\"hidden\" class=\"snp_overlay\" value=\"default\" \/><input type=\"hidden\" class=\"snp_cookie_conversion\" value=\"30\" \/><input type=\"hidden\" class=\"snp_cookie_close\" value=\"-1\" \/><div class=\"snp-builder snp-bld-showme\">\r\n            <div class=\"snp-bld-step-cont snp-bld-step-cont-1\">\r\n            <div id=\"snp-bld-step-1\" data-width=\"400\" data-height=\"585\"  class=\"snp-bld-step snp-bld-step-1 snp-bld-showme  \"  ><form action=\"#\" method=\"post\" class=\"snp-subscribeform snp_subscribeform\"> \r\n                <div class=\"bld-el-cont bld-el-text bld-step-1-el-0  animated \" data-animation=\"\"><div class=\"bld-el  \" ><p><span style=\"font-size: 28px; color: #ffffff;\"><strong>DEJANOS UN MENSAJE<\/strong><\/span><\/p><\/div><\/div><div class=\"bld-el-cont bld-el-input bld-step-1-el-1  animated  bld-icon\" data-animation=\"\"><span class=\"bld-input-icon\"><i class=\"fa fa-user\"><\/i><\/span><div class=\"bld-table-cont\"><input   placeholder=\"Tu Nombre\" required name=\"name\"  value=\"\"  class=\"bld-el  \" \/><\/div><\/div><div class=\"bld-el-cont bld-el-input bld-step-1-el-2  animated  bld-icon\" data-animation=\"\"><span class=\"bld-input-icon\"><i class=\"fa fa-envelope\"><\/i><\/span><div class=\"bld-table-cont\"><input   placeholder=\"Tu Correo Elect\u00f3nico\" required name=\"email\"  value=\"\"  class=\"bld-el  \" \/><\/div><\/div><div class=\"bld-el-cont bld-el-input bld-step-1-el-3  animated  bld-icon\" data-animation=\"\"><span class=\"bld-input-icon\"><i class=\"fa fa-phone\"><\/i><\/span><div class=\"bld-table-cont\"><input   placeholder=\"Tu N\u00famero\" required name=\"Phone\"  value=\"\"  class=\"bld-el  \" \/><\/div><\/div><div class=\"bld-el-cont bld-el-textarea bld-step-1-el-4  animated  bld-icon\" data-animation=\"\"><span class=\"bld-input-icon\"><i class=\"fa fa-pencil\"><\/i><\/span><div class=\"bld-table-cont\"><textarea  placeholder=\"Tu Mensaje...\" required name=\"Message\"  class=\"bld-el  \"><\/textarea><\/div><\/div><div class=\"bld-el-cont bld-el-button bld-step-1-el-5  animated \" data-animation=\"\"><button class=\"bld-el   snp-submit snp-cursor-pointer\"  type=\"submit\">ENVIAR<i style=\"margin-left: 15px;\" class=\"fa fa-arrow-right\"><\/i><\/button><\/div>\r\n            <\/form><\/div>        <\/div>\r\n        <\/div>\r\n<style>\r\n.snp-pop-21229 .snp-bld-step-cont-1 {}.snp-pop-21229 .snp-bld-step-1 {width: 400px;height: 585px;border-width: 0px;border-radius: 15px;background-color: #4c96db;background-position: center center;background-repeat: repeat;}.snp-pop-21229 .bld-step-1-el-0 {   border: 1px solid transparent;width: 250px;height: 38px;top: 15px;left: 77px;z-index: 100;}.snp-pop-21229 .bld-step-1-el-0 .bld-el,.snp-pop-21229 .bld-step-1-el-0 .bld-el p,.snp-pop-21229 .bld-step-1-el-0 .bld-el:focus,.snp-pop-21229 .bld-step-1-el-0 .bld-el:active,.snp-pop-21229 .bld-step-1-el-0 .bld-el:hover{outline: 0;font-family: Oswald;border-width: 0px;background-position: center center;background-repeat: repeat;}.snp-pop-21229 .bld-step-1-el-1 {   border: 1px solid transparent;width: 350px;height: 50px;top: 80px;left: 25px;z-index: 100;}.snp-pop-21229 .bld-step-1-el-1 .bld-el,.snp-pop-21229 .bld-step-1-el-1 .bld-el p,.snp-pop-21229 .bld-step-1-el-1 .bld-el:focus,.snp-pop-21229 .bld-step-1-el-1 .bld-el:active,.snp-pop-21229 .bld-step-1-el-1 .bld-el:hover{outline: 0;height: 48px;font-family: Open Sans;font-size: 14px;border-style: solid;border-width: 0px;border-color: #999999;border-radius: 5px;padding: 15px;background-position: center center;background-repeat: repeat;}.snp-pop-21229 .bld-step-1-el-1 .bld-el::-webkit-input-placeholder { color: ; }.snp-pop-21229 .bld-step-1-el-1 .bld-el::-moz-placeholder { color: ; }.snp-pop-21229 .bld-step-1-el-1.bld-icon .bld-input-icon{border-right-width: 0 !important;width: px;font-size: 20px;border-style: solid;border-width: 0px;border-color: #999999;border-radius: 5px;color: #ffffff;background-color: #5e5e5e;}.snp-pop-21229 .bld-step-1-el-2 {   border: 1px solid transparent;width: 350px;height: 50px;top: 150px;left: 25px;z-index: 100;}.snp-pop-21229 .bld-step-1-el-2 .bld-el,.snp-pop-21229 .bld-step-1-el-2 .bld-el p,.snp-pop-21229 .bld-step-1-el-2 .bld-el:focus,.snp-pop-21229 .bld-step-1-el-2 .bld-el:active,.snp-pop-21229 .bld-step-1-el-2 .bld-el:hover{outline: 0;height: 48px;font-family: Open Sans;font-size: 14px;border-style: solid;border-width: 0px;border-radius: 5px;padding: 15px;background-position: center center;background-repeat: repeat;}.snp-pop-21229 .bld-step-1-el-2 .bld-el::-webkit-input-placeholder { color: ; }.snp-pop-21229 .bld-step-1-el-2 .bld-el::-moz-placeholder { color: ; }.snp-pop-21229 .bld-step-1-el-2.bld-icon .bld-input-icon{border-right-width: 0 !important;width: px;font-size: 18px;border-style: solid;border-width: 0px;border-radius: 5px;color: #ffffff;background-color: #5e5e5e;}.snp-pop-21229 .bld-step-1-el-3 {   border: 1px solid transparent;width: 350px;height: 50px;top: 220px;left: 25px;z-index: 100;}.snp-pop-21229 .bld-step-1-el-3 .bld-el,.snp-pop-21229 .bld-step-1-el-3 .bld-el p,.snp-pop-21229 .bld-step-1-el-3 .bld-el:focus,.snp-pop-21229 .bld-step-1-el-3 .bld-el:active,.snp-pop-21229 .bld-step-1-el-3 .bld-el:hover{outline: 0;height: 48px;font-family: Open Sans;font-size: 14px;border-style: solid;border-width: 0px;border-color: #999999;border-radius: 5px;padding: 15px;background-position: center center;background-repeat: repeat;}.snp-pop-21229 .bld-step-1-el-3 .bld-el::-webkit-input-placeholder { color: ; }.snp-pop-21229 .bld-step-1-el-3 .bld-el::-moz-placeholder { color: ; }.snp-pop-21229 .bld-step-1-el-3.bld-icon .bld-input-icon{border-right-width: 0 !important;width: px;font-size: 20px;border-style: solid;border-width: 0px;border-color: #999999;border-radius: 5px;color: #ffffff;background-color: #5e5e5e;}.snp-pop-21229 .bld-step-1-el-4 {   border: 1px solid transparent;width: 350px;height: 200px;top: 290px;left: 25px;z-index: 100;}.snp-pop-21229 .bld-step-1-el-4 .bld-el,.snp-pop-21229 .bld-step-1-el-4 .bld-el p,.snp-pop-21229 .bld-step-1-el-4 .bld-el:focus,.snp-pop-21229 .bld-step-1-el-4 .bld-el:active,.snp-pop-21229 .bld-step-1-el-4 .bld-el:hover{outline: 0;height: 198px;font-family: Open Sans;font-size: 14px;border-style: none;border-width: 0px;border-color: #999999;border-radius: 5px;padding: 15px;background-position: center center;background-repeat: repeat;}.snp-pop-21229 .bld-step-1-el-4 .bld-el::-webkit-input-placeholder { color: ; }.snp-pop-21229 .bld-step-1-el-4 .bld-el::-moz-placeholder { color: ; }.snp-pop-21229 .bld-step-1-el-4.bld-icon .bld-input-icon{border-right-width: 0 !important;width: px;font-size: 18px;border-style: none;border-width: 0px;border-color: #999999;border-radius: 5px;color: #ffffff;background-color: #5e5e5e;}.snp-pop-21229 .bld-step-1-el-5 {   border: 1px solid transparent;width: 350px;height: 50px;top: 513px;left: 25px;z-index: 100;}.snp-pop-21229 .bld-step-1-el-5 .bld-el,.snp-pop-21229 .bld-step-1-el-5 .bld-el p,.snp-pop-21229 .bld-step-1-el-5 .bld-el:focus,.snp-pop-21229 .bld-step-1-el-5 .bld-el:active,.snp-pop-21229 .bld-step-1-el-5 .bld-el:hover{outline: 0;color: #ffffff;font-family: Open Sans;font-size: 20px;font-weight: bold;border-style: none;border-width: 0px;border-radius: 5px;background-color: #5e5e5e !important;background-position: center center;background-repeat: repeat;padding-left: 10px;}#snp-pop-21229-overlay {opacity: 0.8;background-color: #5A5757;}    \r\n<\/style><\/div>[\/vc_column_text][\/vc_column][\/vc_row]<\/p>\n","protected":false},"excerpt":{"rendered":"<p>[vc_row][vc_column width=&#8221;2\/3&#8243;][vc_column_text] \u00a0Porqu\u00e9 Usted Debe Elegirnos [\/vc_column_text][vc_row_inner][vc_column_inner width=&#8221;1\/2&#8243;][vc_single_image image=&#8221;23482&#8243; img_size=&#8221;full&#8221;][\/vc_column_inner][vc_column_inner width=&#8221;1\/2&#8243;][vc_single_image image=&#8221;23483&#8243; img_size=&#8221;full&#8221;][\/vc_column_inner][\/vc_row_inner][vc_column_text]En Pavilion for Women&#8217;s Care, LLC, ofrecemos el nivel m\u00e1s alto de atenci\u00f3n&#8230;<\/p>\n","protected":false},"author":2,"featured_media":0,"parent":0,"menu_order":0,"comment_status":"open","ping_status":"open","template":"","meta":{"footnotes":""},"class_list":["post-18662","page","type-page","status-publish","hentry"],"yoast_head":"<!-- This site is optimized with the Yoast SEO plugin v25.9 - https:\/\/yoast.com\/wordpress\/plugins\/seo\/ -->\n<title>Gyn Doctors Near Me |\u00a0Ginec\u00f3logo-Obstetra<\/title>\n<meta name=\"description\" content=\"Gyn Doctors Near Me at Pavilion for Women&#039;s Health.\u00a0Estamos dedicados a ofrecerte una variedad\u00a0de servicios ginecologicos.\" \/>\n<meta name=\"robots\" content=\"index, follow, max-snippet:-1, max-image-preview:large, max-video-preview:-1\" \/>\n<link rel=\"canonical\" href=\"https:\/\/305obgyn.com\/es\/about-obgyn-pavilion\/\" \/>\n<meta property=\"og:locale\" content=\"es_ES\" \/>\n<meta property=\"og:type\" content=\"article\" \/>\n<meta property=\"og:title\" content=\"Gyn Doctors Near Me |\u00a0Ginec\u00f3logo-Obstetra\" \/>\n<meta property=\"og:description\" content=\"Gyn Doctors Near Me at Pavilion for Women&#039;s Health.\u00a0Estamos dedicados a ofrecerte una variedad\u00a0de servicios ginecologicos.\" \/>\n<meta property=\"og:url\" content=\"https:\/\/305obgyn.com\/es\/about-obgyn-pavilion\/\" \/>\n<meta property=\"og:site_name\" content=\"Pavilion for Women&#039;s Health\" \/>\n<meta property=\"article:publisher\" content=\"https:\/\/www.facebook.com\/pages\/Pavilion-for-Womens-Health-Wellness\/1376880229301814\" \/>\n<meta property=\"article:modified_time\" content=\"2024-01-03T17:24:33+00:00\" \/>\n<meta property=\"og:image\" content=\"https:\/\/305obgyn.com\/wp-content\/uploads\/2015\/02\/New-Web-Logo.png\" \/>\n\t<meta property=\"og:image:width\" content=\"320\" \/>\n\t<meta property=\"og:image:height\" content=\"95\" \/>\n\t<meta property=\"og:image:type\" content=\"image\/png\" \/>\n<meta name=\"twitter:label1\" content=\"Tiempo de lectura\" \/>\n\t<meta name=\"twitter:data1\" content=\"1 minuto\" \/>\n<script type=\"application\/ld+json\" class=\"yoast-schema-graph\">{\"@context\":\"https:\/\/schema.org\",\"@graph\":[{\"@type\":[\"WebPage\",\"AboutPage\"],\"@id\":\"https:\/\/305obgyn.com\/es\/about-obgyn-pavilion\/\",\"url\":\"https:\/\/305obgyn.com\/es\/about-obgyn-pavilion\/\",\"name\":\"Gyn Doctors Near Me |\u00a0Ginec\u00f3logo-Obstetra\",\"isPartOf\":{\"@id\":\"https:\/\/305obgyn.com\/#website\"},\"datePublished\":\"2015-02-24T17:09:48+00:00\",\"dateModified\":\"2024-01-03T17:24:33+00:00\",\"description\":\"Gyn Doctors Near Me at Pavilion for Women's Health.\u00a0Estamos dedicados a ofrecerte una variedad\u00a0de servicios ginecologicos.\",\"breadcrumb\":{\"@id\":\"https:\/\/305obgyn.com\/es\/about-obgyn-pavilion\/#breadcrumb\"},\"inLanguage\":\"es\",\"potentialAction\":[{\"@type\":\"ReadAction\",\"target\":[\"https:\/\/305obgyn.com\/es\/about-obgyn-pavilion\/\"]}]},{\"@type\":\"BreadcrumbList\",\"@id\":\"https:\/\/305obgyn.com\/es\/about-obgyn-pavilion\/#breadcrumb\",\"itemListElement\":[{\"@type\":\"ListItem\",\"position\":1,\"name\":\"Home\",\"item\":\"https:\/\/305obgyn.com\/es\/doctor\/\"},{\"@type\":\"ListItem\",\"position\":2,\"name\":\"Sobre Nosotros | GYN Doctors Near Me\"}]},{\"@type\":\"WebSite\",\"@id\":\"https:\/\/305obgyn.com\/#website\",\"url\":\"https:\/\/305obgyn.com\/\",\"name\":\"Pavilion for Women&#039;s Health\",\"description\":\"OB-GYN in Miami | Kendall OBGYN | Dr. Scott Duncan &amp; Dr. Eric Runyan\",\"potentialAction\":[{\"@type\":\"SearchAction\",\"target\":{\"@type\":\"EntryPoint\",\"urlTemplate\":\"https:\/\/305obgyn.com\/?s={search_term_string}\"},\"query-input\":{\"@type\":\"PropertyValueSpecification\",\"valueRequired\":true,\"valueName\":\"search_term_string\"}}],\"inLanguage\":\"es\"}]}<\/script>\n<!-- \/ Yoast SEO plugin. -->","yoast_head_json":{"title":"Gyn Doctors Near Me |\u00a0Ginec\u00f3logo-Obstetra","description":"Gyn Doctors Near Me at Pavilion for Women's Health.\u00a0Estamos dedicados a ofrecerte una variedad\u00a0de servicios ginecologicos.","robots":{"index":"index","follow":"follow","max-snippet":"max-snippet:-1","max-image-preview":"max-image-preview:large","max-video-preview":"max-video-preview:-1"},"canonical":"https:\/\/305obgyn.com\/es\/about-obgyn-pavilion\/","og_locale":"es_ES","og_type":"article","og_title":"Gyn Doctors Near Me |\u00a0Ginec\u00f3logo-Obstetra","og_description":"Gyn Doctors Near Me at Pavilion for Women's Health.\u00a0Estamos dedicados a ofrecerte una variedad\u00a0de servicios ginecologicos.","og_url":"https:\/\/305obgyn.com\/es\/about-obgyn-pavilion\/","og_site_name":"Pavilion for Women&#039;s Health","article_publisher":"https:\/\/www.facebook.com\/pages\/Pavilion-for-Womens-Health-Wellness\/1376880229301814","article_modified_time":"2024-01-03T17:24:33+00:00","og_image":[{"width":320,"height":95,"url":"https:\/\/305obgyn.com\/wp-content\/uploads\/2015\/02\/New-Web-Logo.png","type":"image\/png"}],"twitter_misc":{"Tiempo de lectura":"1 minuto"},"schema":{"@context":"https:\/\/schema.org","@graph":[{"@type":["WebPage","AboutPage"],"@id":"https:\/\/305obgyn.com\/es\/about-obgyn-pavilion\/","url":"https:\/\/305obgyn.com\/es\/about-obgyn-pavilion\/","name":"Gyn Doctors Near Me |\u00a0Ginec\u00f3logo-Obstetra","isPartOf":{"@id":"https:\/\/305obgyn.com\/#website"},"datePublished":"2015-02-24T17:09:48+00:00","dateModified":"2024-01-03T17:24:33+00:00","description":"Gyn Doctors Near Me at Pavilion for Women's Health.\u00a0Estamos dedicados a ofrecerte una variedad\u00a0de servicios ginecologicos.","breadcrumb":{"@id":"https:\/\/305obgyn.com\/es\/about-obgyn-pavilion\/#breadcrumb"},"inLanguage":"es","potentialAction":[{"@type":"ReadAction","target":["https:\/\/305obgyn.com\/es\/about-obgyn-pavilion\/"]}]},{"@type":"BreadcrumbList","@id":"https:\/\/305obgyn.com\/es\/about-obgyn-pavilion\/#breadcrumb","itemListElement":[{"@type":"ListItem","position":1,"name":"Home","item":"https:\/\/305obgyn.com\/es\/doctor\/"},{"@type":"ListItem","position":2,"name":"Sobre Nosotros | GYN Doctors Near Me"}]},{"@type":"WebSite","@id":"https:\/\/305obgyn.com\/#website","url":"https:\/\/305obgyn.com\/","name":"Pavilion for Women&#039;s Health","description":"OB-GYN in Miami | Kendall OBGYN | Dr. Scott Duncan &amp; Dr. Eric Runyan","potentialAction":[{"@type":"SearchAction","target":{"@type":"EntryPoint","urlTemplate":"https:\/\/305obgyn.com\/?s={search_term_string}"},"query-input":{"@type":"PropertyValueSpecification","valueRequired":true,"valueName":"search_term_string"}}],"inLanguage":"es"}]}},"_links":{"self":[{"href":"https:\/\/305obgyn.com\/es\/wp-json\/wp\/v2\/pages\/18662","targetHints":{"allow":["GET"]}}],"collection":[{"href":"https:\/\/305obgyn.com\/es\/wp-json\/wp\/v2\/pages"}],"about":[{"href":"https:\/\/305obgyn.com\/es\/wp-json\/wp\/v2\/types\/page"}],"author":[{"embeddable":true,"href":"https:\/\/305obgyn.com\/es\/wp-json\/wp\/v2\/users\/2"}],"replies":[{"embeddable":true,"href":"https:\/\/305obgyn.com\/es\/wp-json\/wp\/v2\/comments?post=18662"}],"version-history":[{"count":27,"href":"https:\/\/305obgyn.com\/es\/wp-json\/wp\/v2\/pages\/18662\/revisions"}],"predecessor-version":[{"id":23819,"href":"https:\/\/305obgyn.com\/es\/wp-json\/wp\/v2\/pages\/18662\/revisions\/23819"}],"wp:attachment":[{"href":"https:\/\/305obgyn.com\/es\/wp-json\/wp\/v2\/media?parent=18662"}],"curies":[{"name":"wp","href":"https:\/\/api.w.org\/{rel}","templated":true}]}}